{"id":298,"date":"2024-02-29T15:32:07","date_gmt":"2024-02-29T15:32:07","guid":{"rendered":"http:\/\/2013dagyonetisimi.com\/?page_id=298"},"modified":"2025-05-30T07:30:13","modified_gmt":"2025-05-30T07:30:13","slug":"basinda-biz","status":"publish","type":"page","link":"https:\/\/2013dagyonetisimi.com\/index.php\/basinda-biz\/","title":{"rendered":"Bas\u0131nda Biz"},"content":{"rendered":"\n<blockquote class=\"wp-embedded-content\" data-secret=\"SsfEwRbNyC\"><a href=\"https:\/\/2013dagyonetisimi.com\/index.php\/2024\/03\/01\/faaliyetlerimiz-egeli-gazetede-yer-buldu\/\">Faaliyetlerimiz Egeli Gazete&#8217;de Yer Buldu<\/a><\/blockquote><iframe loading=\"lazy\" class=\"wp-embedded-content\" sandbox=\"allow-scripts\" security=\"restricted\" style=\"position: absolute; visibility: hidden;\" title=\"&#8220;Faaliyetlerimiz Egeli Gazete&#8217;de Yer Buldu&#8221; &#8212; Da\u011fl\u0131k Alanlar\u0131n S&uuml;rd&uuml;r&uuml;lebilirli\u011fi ve Y&ouml;neti\u015fimi Derne\u011fi\" src=\"https:\/\/2013dagyonetisimi.com\/index.php\/2024\/03\/01\/faaliyetlerimiz-egeli-gazetede-yer-buldu\/embed\/#?secret=174QCBnJSA#?secret=SsfEwRbNyC\" data-secret=\"SsfEwRbNyC\" width=\"500\" height=\"282\" frameborder=\"0\" marginwidth=\"0\" marginheight=\"0\" scrolling=\"no\"><\/iframe>\n\n\n\n<blockquote class=\"wp-embedded-content\" data-secret=\"1sE5K0u2Br\"><a href=\"https:\/\/2013dagyonetisimi.com\/index.php\/2024\/02\/29\/daglik-alanlarin-planlanmasi-ve-yonetimi-konferansimiz-soke-ekspress-gazetesinde\/\">\u201cDa\u011fl\u0131k Alanlar\u0131n Planlanmas\u0131 ve Y\u00f6netimi\u201d Konferans\u0131m\u0131z S\u00f6ke Ekspress Gazetesinde<\/a><\/blockquote><iframe loading=\"lazy\" class=\"wp-embedded-content\" sandbox=\"allow-scripts\" security=\"restricted\" style=\"position: absolute; visibility: hidden;\" title=\"&#8220;\u201cDa\u011fl\u0131k Alanlar\u0131n Planlanmas\u0131 ve Y\u00f6netimi\u201d Konferans\u0131m\u0131z S\u00f6ke Ekspress Gazetesinde&#8221; &#8212; Da\u011fl\u0131k Alanlar\u0131n S&uuml;rd&uuml;r&uuml;lebilirli\u011fi ve Y&ouml;neti\u015fimi Derne\u011fi\" src=\"https:\/\/2013dagyonetisimi.com\/index.php\/2024\/02\/29\/daglik-alanlarin-planlanmasi-ve-yonetimi-konferansimiz-soke-ekspress-gazetesinde\/embed\/#?secret=n0MQJG8FfC#?secret=1sE5K0u2Br\" data-secret=\"1sE5K0u2Br\" width=\"500\" height=\"282\" frameborder=\"0\" marginwidth=\"0\" marginheight=\"0\" scrolling=\"no\"><\/iframe>\n\n\n\n<blockquote class=\"wp-embedded-content\" data-secret=\"CXgah9Ys7R\"><a href=\"https:\/\/2013dagyonetisimi.com\/index.php\/2024\/02\/29\/dernek-baskanimiz-prof-dr-zerrin-toprak-karamanin-aciklamalari-ilkses-gazetesinde\/\">Dernek Ba\u015fkan\u0131m\u0131z Prof. Dr. Zerrin Toprak Karaman&#8217;\u0131n A\u00e7\u0131klamalar\u0131 \u0130lkses Gazetesi&#8217;nde<\/a><\/blockquote><iframe loading=\"lazy\" class=\"wp-embedded-content\" sandbox=\"allow-scripts\" security=\"restricted\" style=\"position: absolute; visibility: hidden;\" title=\"&#8220;Dernek Ba\u015fkan\u0131m\u0131z Prof. Dr. Zerrin Toprak Karaman&#8217;\u0131n A\u00e7\u0131klamalar\u0131 \u0130lkses Gazetesi&#8217;nde&#8221; &#8212; Da\u011fl\u0131k Alanlar\u0131n S&uuml;rd&uuml;r&uuml;lebilirli\u011fi ve Y&ouml;neti\u015fimi Derne\u011fi\" src=\"https:\/\/2013dagyonetisimi.com\/index.php\/2024\/02\/29\/dernek-baskanimiz-prof-dr-zerrin-toprak-karamanin-aciklamalari-ilkses-gazetesinde\/embed\/#?secret=V1BnRuUlnF#?secret=CXgah9Ys7R\" data-secret=\"CXgah9Ys7R\" width=\"500\" height=\"282\" frameborder=\"0\" marginwidth=\"0\" marginheight=\"0\" scrolling=\"no\"><\/iframe>\n\n\n\n<blockquote class=\"wp-embedded-content\" data-secret=\"wlcXmwbidm\"><a href=\"https:\/\/2013dagyonetisimi.com\/index.php\/2024\/02\/29\/valimizi-ziyaret-ettik\/\">Valimizi Ziyaret Ettik<\/a><\/blockquote><iframe loading=\"lazy\" class=\"wp-embedded-content\" sandbox=\"allow-scripts\" security=\"restricted\" style=\"position: absolute; visibility: hidden;\" title=\"&#8220;Valimizi Ziyaret Ettik&#8221; &#8212; Da\u011fl\u0131k Alanlar\u0131n S&uuml;rd&uuml;r&uuml;lebilirli\u011fi ve Y&ouml;neti\u015fimi Derne\u011fi\" src=\"https:\/\/2013dagyonetisimi.com\/index.php\/2024\/02\/29\/valimizi-ziyaret-ettik\/embed\/#?secret=IFFAhUKRpm#?secret=wlcXmwbidm\" data-secret=\"wlcXmwbidm\" width=\"500\" height=\"282\" frameborder=\"0\" marginwidth=\"0\" marginheight=\"0\" scrolling=\"no\"><\/iframe>\n\n\n\n<figure class=\"wp-block-embed\"><div class=\"wp-block-embed__wrapper\">\nhttps:\/\/www.gazeteyenigun.com.tr\/amp\/haber\/25097600\/bornovanin-turizmi-icin-yol-haritasi-aranacak-potansiyelimiz-yuksek\n<\/div><\/figure>\n","protected":false},"excerpt":{"rendered":"<p>Faaliyetlerimiz Egeli Gazete&#8217;de Yer Buldu \u201cDa\u011fl\u0131k Alanlar\u0131n Planlanmas\u0131 ve Y\u00f6netimi\u201d Konferans\u0131m\u0131z S\u00f6ke Ekspress Gazetesinde Dernek Ba\u015fkan\u0131m\u0131z Prof. Dr. Zerrin Toprak Karaman&#8217;\u0131n A\u00e7\u0131klamalar\u0131 \u0130lkses Gazetesi&#8217;nde Valimizi Ziyaret Ettik<\/p>\n","protected":false},"author":1,"featured_media":0,"parent":0,"menu_order":0,"comment_status":"closed","ping_status":"closed","template":"","meta":{"footnotes":""},"class_list":["post-298","page","type-page","status-publish","hentry"],"_links":{"self":[{"href":"https:\/\/2013dagyonetisimi.com\/index.php\/wp-json\/wp\/v2\/pages\/298","targetHints":{"allow":["GET"]}}],"collection":[{"href":"https:\/\/2013dagyonetisimi.com\/index.php\/wp-json\/wp\/v2\/pages"}],"about":[{"href":"https:\/\/2013dagyonetisimi.com\/index.php\/wp-json\/wp\/v2\/types\/page"}],"author":[{"embeddable":true,"href":"https:\/\/2013dagyonetisimi.com\/index.php\/wp-json\/wp\/v2\/users\/1"}],"replies":[{"embeddable":true,"href":"https:\/\/2013dagyonetisimi.com\/index.php\/wp-json\/wp\/v2\/comments?post=298"}],"version-history":[{"count":6,"href":"https:\/\/2013dagyonetisimi.com\/index.php\/wp-json\/wp\/v2\/pages\/298\/revisions"}],"predecessor-version":[{"id":566,"href":"https:\/\/2013dagyonetisimi.com\/index.php\/wp-json\/wp\/v2\/pages\/298\/revisions\/566"}],"wp:attachment":[{"href":"https:\/\/2013dagyonetisimi.com\/index.php\/wp-json\/wp\/v2\/media?parent=298"}],"curies":[{"name":"wp","href":"https:\/\/api.w.org\/{rel}","templated":true}]}}