{"id":44,"date":"2022-11-07T09:51:11","date_gmt":"2022-11-07T09:51:11","guid":{"rendered":"http:\/\/2013dagyonetisimi.com\/?page_id=44"},"modified":"2024-03-29T22:03:25","modified_gmt":"2024-03-29T22:03:25","slug":"uluslararasi-yayinlar","status":"publish","type":"page","link":"https:\/\/2013dagyonetisimi.com\/index.php\/uluslararasi-yayinlar\/","title":{"rendered":"Uluslararas\u0131 Yay\u0131nlar"},"content":{"rendered":"\n<p><a href=\"https:\/\/drive.google.com\/file\/d\/10cDDgx1rn3A9F1m22vR5kl2t9frYuYOC\/view?pli=1\" data-type=\"link\" data-id=\"https:\/\/drive.google.com\/file\/d\/10cDDgx1rn3A9F1m22vR5kl2t9frYuYOC\/view?pli=1\">Toprak Karaman, Zerrin &#8220;Exploitation and Administration of Disasters\/S\u00f6m\u00fcrgecilik ve Afet Y\u00f6netimi, 2021&#8221;<\/a><\/p>\n\n\n\n<p><a href=\"https:\/\/www.scirp.org\/journal\/paperinformation?paperid=103233\" data-type=\"link\" data-id=\"https:\/\/www.scirp.org\/journal\/paperinformation?paperid=103233\">Toprak Karaman, Zerrin &#8220;@ Food Safety and the Coronavirus Pandemic\/G\u0131da G\u00fcvenli\u011fi ve Korona Vir\u00fcs Pandemi ,2020 Open Journal of Social Sciences > Vol.8 No.9, September 2020&#8221;<\/a><\/p>\n\n\n\n<p><a href=\"http:\/\/ereuter.ankara.edu.tr\/\" data-type=\"link\" data-id=\"http:\/\/ereuter.ankara.edu.tr\/\">Toprak Karaman, Zerrin &#8220;\u0130klim De\u011fi\u015fikli\u011fine Ba\u011fl\u0131 Do\u011fal Afetlerin Tar\u0131msal Faaliyetlere, Etkileri, Toplumsal Fark\u0131ndal\u0131k Analizi , 2019&#8221;<\/a><\/p>\n\n\n\n<p><a href=\"https:\/\/www.scirp.org\/journal\/paperinformation?paperid=121414\" data-type=\"link\" data-id=\"https:\/\/www.scirp.org\/journal\/paperinformation?paperid=121414\">Toprak Karaman, Zerrin &#8220;Strategic Planning and Safety of Mountainous Areas in T\u00fcrkiye\u2019s Public Administration Organization&#8221;<\/a><\/p>\n","protected":false},"excerpt":{"rendered":"<p>Toprak Karaman, Zerrin &#8220;Exploitation and Administration of Disasters\/S\u00f6m\u00fcrgecilik ve Afet Y\u00f6netimi, 2021&#8221; Toprak Karaman, Zerrin &#8220;@ Food Safety and the Coronavirus Pandemic\/G\u0131da G\u00fcvenli\u011fi ve Korona Vir\u00fcs Pandemi ,2020 Open Journal of Social Sciences > Vol.8 No.9, September 2020&#8221; Toprak Karaman, Zerrin &#8220;\u0130klim De\u011fi\u015fikli\u011fine Ba\u011fl\u0131 Do\u011fal Afetlerin Tar\u0131msal Faaliyetlere, Etkileri, Toplumsal Fark\u0131ndal\u0131k Analizi , 2019&#8221; Toprak [&hellip;]<\/p>\n","protected":false},"author":1,"featured_media":0,"parent":0,"menu_order":0,"comment_status":"closed","ping_status":"closed","template":"","meta":{"footnotes":""},"class_list":["post-44","page","type-page","status-publish","hentry"],"_links":{"self":[{"href":"https:\/\/2013dagyonetisimi.com\/index.php\/wp-json\/wp\/v2\/pages\/44","targetHints":{"allow":["GET"]}}],"collection":[{"href":"https:\/\/2013dagyonetisimi.com\/index.php\/wp-json\/wp\/v2\/pages"}],"about":[{"href":"https:\/\/2013dagyonetisimi.com\/index.php\/wp-json\/wp\/v2\/types\/page"}],"author":[{"embeddable":true,"href":"https:\/\/2013dagyonetisimi.com\/index.php\/wp-json\/wp\/v2\/users\/1"}],"replies":[{"embeddable":true,"href":"https:\/\/2013dagyonetisimi.com\/index.php\/wp-json\/wp\/v2\/comments?post=44"}],"version-history":[{"count":3,"href":"https:\/\/2013dagyonetisimi.com\/index.php\/wp-json\/wp\/v2\/pages\/44\/revisions"}],"predecessor-version":[{"id":334,"href":"https:\/\/2013dagyonetisimi.com\/index.php\/wp-json\/wp\/v2\/pages\/44\/revisions\/334"}],"wp:attachment":[{"href":"https:\/\/2013dagyonetisimi.com\/index.php\/wp-json\/wp\/v2\/media?parent=44"}],"curies":[{"name":"wp","href":"https:\/\/api.w.org\/{rel}","templated":true}]}}