{"id":54,"date":"2022-11-07T09:54:06","date_gmt":"2022-11-07T09:54:06","guid":{"rendered":"http:\/\/2013dagyonetisimi.com\/?page_id=54"},"modified":"2023-12-05T19:55:16","modified_gmt":"2023-12-05T19:55:16","slug":"11-aralik-dunya-daglar-gunu","status":"publish","type":"page","link":"https:\/\/2013dagyonetisimi.com\/index.php\/11-aralik-dunya-daglar-gunu\/","title":{"rendered":"11 Aral\u0131k D\u00fcnya Da\u011flar G\u00fcn\u00fc"},"content":{"rendered":"\n<p><strong>11 Aral\u0131k D\u00fcnya Da\u011flar G\u00fcn\u00fc \u00e7al\u0131\u015fmalar\u0131m\u0131z 10. y\u0131l\u0131na girmi\u015f bulunmaktad\u0131r.&nbsp;<\/strong>\u00c7al\u0131\u015fmalar\u0131m\u0131z\u0131n temel yakla\u015f\u0131m\u0131, &nbsp;da\u011flar\u0131n ve da\u011fl\u0131k alan b\u00f6lgelerinin ihmal edilmesinin tespiti ile konunun \u00f6nemini ortaya koymak; da\u011f y\u00f6netimi konular\u0131nda, kamu politikalar\u0131n\u0131 bi\u00e7imlendirecek etkili siyasalar geli\u015ftirmeyi sa\u011flayacak modelleme i\u00e7inde eylemlerini tan\u0131tmak ve bug\u00fcne kadar gelinen s\u00fcrecin ba\u015far\u0131 \u00f6l\u00e7\u00fcm\u00fcn\u00fc sorgulamak a\u015famalar\u0131na dayand\u0131r\u0131lm\u0131\u015ft\u0131r. &nbsp;Bunlar\u0131n \u00e7o\u011funu ba\u015farabildik ama s\u00fcrd\u00fcrebilirlik gerekmektedir.<\/p>\n\n\n\n<p>Da\u011flar, D\u00fcnya kara y\u00fczeyinin y\u00fczde 27\u2019sini kaplamaktad\u0131r. D\u00fcnyadaki 34 biyolojik \u00e7e\u015fitlilik \u00f6ne \u00e7\u0131kan alanlardan 25\u2019ine ev sahipli\u011fi yapmakta ve insanl\u0131\u011f\u0131n yar\u0131s\u0131 i\u00e7in \u00f6nemli su kaynaklar\u0131 olarak hizmet etmektedir. Ancak iklim de\u011fi\u015fikli\u011finden ve s\u00fcrd\u00fcr\u00fclememesi gereken baz\u0131 insan faaliyetlerinden kaynaklanan artan riskler da\u011flar\u0131, insanlar\u0131 ve toplamda gezegeni tehdit etmektedir. Da\u011fl\u0131k alanlarda, do\u011fal kaynaklar\u0131n s\u00fcrd\u00fcr\u00fclebilirli\u011fi ile ba\u011flant\u0131l\u0131 g\u00f6r\u00fclen,&nbsp; be\u015feri ve toplumsal sermayenin geli\u015fimini sa\u011flamada, kamu y\u00f6netimlerinin hassasiyet g\u00f6stermelerini te\u015fvik amac\u0131yla da, Birle\u015fmi\u015f Milletler Te\u015fkilat\u0131 2003 y\u0131l\u0131n\u0131 resmi olarak \u201cUluslararas\u0131 Da\u011flar Y\u0131l\u0131\u201d olarak ilan etmi\u015ftir. Bu \u015fekilde da\u011fl\u0131k alanlar\u0131n \u00f6nemine d\u00fcnyan\u0131n ilgisi \u00e7ekilmi\u015ftir. Mamafih da\u011flara T\u00fcrkiye\u2019nin ilgisi idari olarak \u00e7ekilememi\u015ftir.<\/p>\n\n\n\n<p>Do\u011frudan da\u011fl\u0131k alan y\u00f6netimi yap\u0131lanmas\u0131 yerine, ancak \u00e7\u0131\u011f ve heyelan konular\u0131nda aktif Da\u011fl\u0131k Alan Y\u00f6netimi \u015eube M\u00fcd\u00fcrl\u00fc\u011f\u00fcn\u00fcn yeri, s\u00fcrekli isim de\u011fi\u015fikli\u011fine konu olan, en son de\u011fi\u015fiklerle, Orman ve Su \u0130\u015fleri Bakanl\u0131\u011f\u0131 iken, Tar\u0131m ve Orman Bakanl\u0131\u011f\u0131na d\u00f6nen Te\u015fkilat \u015eemas\u0131nda \u00f6nemi arka planda kalan ve etkin olmayan bir y\u00f6netim ile ili\u015fkilendirilebilir. Da\u011flar\u0131m\u0131z kontrol edilemeyen g\u00fcvenliksiz mek\u00e2nlar olmamal\u0131d\u0131r. Konunun \u00f6z\u00fc de buradad\u0131r. Da\u011flar\u0131n kamu, \u00f6zel ve sivil fark\u0131ndal\u0131\u011f\u0131 ve b\u00fct\u00fcnle\u015fik y\u00f6neti\u015fimi i\u00e7inde kontrol\u00fc idari olarak yap\u0131land\u0131r\u0131lacak kat\u0131l\u0131mc\u0131 modellere dayand\u0131r\u0131lmal\u0131d\u0131r.<\/p>\n\n\n\n<p>Oysaki toplam alan i\u00e7indeki da\u011fl\u0131k alanlar\u0131n pay\u0131 %74,6 d\u0131r. Buna g\u00f6re T\u00fcrkiye\u2019nin yakla\u015f\u0131k \u00be\u2019\u00fc da\u011fl\u0131k aland\u0131r. Verilere g\u00f6re d\u00fczl\u00fck alanlar %25,3 l\u00fck bir orana sahiptir (toplam alan: 782219,7269 km\u00b2, da\u011fl\u0131k alan: 583770,9139 km\u00b2, d\u00fczl\u00fck alan: 198448,813 km\u00b2). Da\u011f k\u00f6yl\u00fcs\u00fc resmi belgelerde veya raporlarda g\u00f6r\u00fcn\u00fcr de\u011fildir. Esasen idari de\u011fi\u015fimlerle de \u201cbelediyelerin k\u0131rsal mahallelerine\u201d (2021 y\u0131l\u0131 ) d\u00f6n\u00fc\u015fm\u00fc\u015f,&nbsp; kendi var ama ad\u0131 yok hale gelmi\u015ftir. Co\u011frafi olarak da\u011flar, kara ve k\u0131y\u0131 s\u0131n\u0131rlar\u0131nda yer alma ve konumuna g\u00f6re s\u0131n\u0131r a\u015fan da\u011flar \u00f6zelli\u011fi ta\u015f\u0131ma y\u00f6n\u00fcyle de stratejik alanlard\u0131r. T\u00fcrkiye\u2019de gerek ta\u015f\u0131d\u0131\u011f\u0131 imk\u00e2n ve ara\u00e7lar gerekse lojistik \u00f6nemi a\u00e7\u0131s\u0131ndan da\u011flar\u0131n, idari a\u00e7\u0131dan merkez konumuna al\u0131nmas\u0131 \u00f6nem ta\u015f\u0131maktad\u0131r.<\/p>\n\n\n\n<p>Da\u011f y\u00f6netiminin, orman y\u00f6netiminden ayr\u0131 tutulmas\u0131 ve se\u00e7ilmi\u015f \u00f6zellikli da\u011flar i\u00e7in, \u00f6zel bir y\u00f6netim birimine d\u00f6n\u00fc\u015ft\u00fcr\u00fclmesi gerekliliktir. Nitekim uluslararas\u0131 \u00e7al\u0131\u015fmalarda da da\u011fl\u0131k b\u00f6lgeler konusu insan haklar\u0131 ve y\u00fcksek \u00e7evre kalitesini sa\u011flama ortakl\u0131\u011f\u0131nda yer almaktad\u0131r. Da\u011flar\u0131m\u0131z maden ve do\u011fa zenginli\u011fine sahiptir. Kamu politikalar\u0131nda da\u011flar\u0131m\u0131z\u0131n g\u00f6r\u00fcn\u00fcr hale getirilmesi \u00f6nemlidir. 6360 say\u0131l\u0131 kanunla ortaya \u00e7\u0131kan il b\u00fct\u00fcnl\u00fc\u011f\u00fc modelini f\u0131rsata d\u00f6n\u00fc\u015ft\u00fcrmek ve Da\u011fl\u0131k Alanlar Belediyeler Birli\u011fi gibi yap\u0131sall\u0131klar\u0131 kurmak \u00f6nem ta\u015f\u0131maktad\u0131r. 11 Aral\u0131k D\u00fcnya Da\u011flar G\u00fcn\u00fcn\u00fcn takvimlere i\u015flenmesini son on y\u0131ld\u0131r bekliyoruz.<\/p>\n\n\n\n<p>B\u00fct\u00fcn iklimsel ve y\u00f6netsel zorluklar\u0131n bilincinde olarak, 2023 Uluslararas\u0131 Da\u011f G\u00fcn\u00fc, fark\u0131ndal\u0131\u011f\u0131n\u0131 art\u0131rmay\u0131 ve dayan\u0131kl\u0131l\u0131\u011f\u0131 art\u0131ran, k\u0131r\u0131lganl\u0131\u011f\u0131 azaltan ve da\u011f ekosistemleri ile topluluklar\u0131n mevcut ve gelecekteki zorluklara uyum sa\u011flamas\u0131n\u0131 sa\u011flayan do\u011fa temelli \u00e7\u00f6z\u00fcmleri, en iyi uygulamalar\u0131 ve yat\u0131r\u0131mlar\u0131 te\u015fvik etmek i\u00e7in kolektif \u00e7abalar\u0131 cesaretlendirmeyi ama\u00e7layan fark\u0131ndal\u0131k toplant\u0131lar\u0131 yap\u0131yoruz.<\/p>\n","protected":false},"excerpt":{"rendered":"<p>11 Aral\u0131k D\u00fcnya Da\u011flar G\u00fcn\u00fc \u00e7al\u0131\u015fmalar\u0131m\u0131z 10. y\u0131l\u0131na girmi\u015f bulunmaktad\u0131r.&nbsp;\u00c7al\u0131\u015fmalar\u0131m\u0131z\u0131n temel yakla\u015f\u0131m\u0131, &nbsp;da\u011flar\u0131n ve da\u011fl\u0131k alan b\u00f6lgelerinin ihmal edilmesinin tespiti ile konunun \u00f6nemini ortaya koymak; da\u011f y\u00f6netimi konular\u0131nda, kamu politikalar\u0131n\u0131 bi\u00e7imlendirecek etkili siyasalar geli\u015ftirmeyi sa\u011flayacak modelleme i\u00e7inde eylemlerini tan\u0131tmak ve bug\u00fcne kadar gelinen s\u00fcrecin ba\u015far\u0131 \u00f6l\u00e7\u00fcm\u00fcn\u00fc sorgulamak a\u015famalar\u0131na dayand\u0131r\u0131lm\u0131\u015ft\u0131r. &nbsp;Bunlar\u0131n \u00e7o\u011funu ba\u015farabildik ama s\u00fcrd\u00fcrebilirlik gerekmektedir. [&hellip;]<\/p>\n","protected":false},"author":1,"featured_media":0,"parent":0,"menu_order":0,"comment_status":"closed","ping_status":"closed","template":"","meta":{"footnotes":""},"class_list":["post-54","page","type-page","status-publish","hentry"],"_links":{"self":[{"href":"https:\/\/2013dagyonetisimi.com\/index.php\/wp-json\/wp\/v2\/pages\/54","targetHints":{"allow":["GET"]}}],"collection":[{"href":"https:\/\/2013dagyonetisimi.com\/index.php\/wp-json\/wp\/v2\/pages"}],"about":[{"href":"https:\/\/2013dagyonetisimi.com\/index.php\/wp-json\/wp\/v2\/types\/page"}],"author":[{"embeddable":true,"href":"https:\/\/2013dagyonetisimi.com\/index.php\/wp-json\/wp\/v2\/users\/1"}],"replies":[{"embeddable":true,"href":"https:\/\/2013dagyonetisimi.com\/index.php\/wp-json\/wp\/v2\/comments?post=54"}],"version-history":[{"count":3,"href":"https:\/\/2013dagyonetisimi.com\/index.php\/wp-json\/wp\/v2\/pages\/54\/revisions"}],"predecessor-version":[{"id":281,"href":"https:\/\/2013dagyonetisimi.com\/index.php\/wp-json\/wp\/v2\/pages\/54\/revisions\/281"}],"wp:attachment":[{"href":"https:\/\/2013dagyonetisimi.com\/index.php\/wp-json\/wp\/v2\/media?parent=54"}],"curies":[{"name":"wp","href":"https:\/\/api.w.org\/{rel}","templated":true}]}}