{"id":598,"date":"2025-12-14T10:59:55","date_gmt":"2025-12-14T10:59:55","guid":{"rendered":"https:\/\/2013dagyonetisimi.com\/?page_id=598"},"modified":"2025-12-14T10:59:56","modified_gmt":"2025-12-14T10:59:56","slug":"11-aralik-2025-dunya-daglar-gunu-etkinligimizden-kiymetli-anlar","status":"publish","type":"page","link":"https:\/\/2013dagyonetisimi.com\/index.php\/11-aralik-2025-dunya-daglar-gunu-etkinligimizden-kiymetli-anlar\/","title":{"rendered":"11 ARALIK 2025 D\u00dcNYA DA\u011eLAR G\u00dcN\u00dc ETK\u0130NL\u0130\u011e\u0130M\u0130ZDEN KIYMETL\u0130 ANLAR"},"content":{"rendered":"\n<p><strong>KONU\u015eMALARIN \u00d6ZET B\u0130LG\u0130LER\u0130NE, <\/strong>BASIN \u00d6ZET\u0130 2025 &#8216;DEN ER\u0130\u015eEB\u0130L\u0130RS\u0130N\u0130Z. KONUNUN \u00d6Z\u00dc: <em>DA\u011eLARA H\u00dcKMETMEK DE\u011e\u0130L ANLAMAK LAZIM,<\/em> &#8220;AC\u0130LEN B\u0130R DA\u011eLIK ALANLAR \u00c7OK Y\u00d6NL\u00dc DE\u011eERLEND\u0130RME VE Y\u00d6NET\u0130\u015e\u0130M\u0130 \u015eURASI YAPMAK&#8221; GEREKMEKTED\u0130R. <\/p>\n\n\n\n<figure class=\"wp-block-image size-large\"><img loading=\"lazy\" decoding=\"async\" width=\"1024\" height=\"768\" src=\"https:\/\/2013dagyonetisimi.com\/wp-content\/uploads\/2025\/12\/PHOTO-2025-12-11-1-1024x768.jpg\" alt=\"\" class=\"wp-image-599\" srcset=\"https:\/\/2013dagyonetisimi.com\/wp-content\/uploads\/2025\/12\/PHOTO-2025-12-11-1-1024x768.jpg 1024w, https:\/\/2013dagyonetisimi.com\/wp-content\/uploads\/2025\/12\/PHOTO-2025-12-11-1-300x225.jpg 300w, https:\/\/2013dagyonetisimi.com\/wp-content\/uploads\/2025\/12\/PHOTO-2025-12-11-1-768x576.jpg 768w, https:\/\/2013dagyonetisimi.com\/wp-content\/uploads\/2025\/12\/PHOTO-2025-12-11-1-1536x1152.jpg 1536w, https:\/\/2013dagyonetisimi.com\/wp-content\/uploads\/2025\/12\/PHOTO-2025-12-11-1.jpg 1600w\" sizes=\"auto, (max-width: 1024px) 100vw, 1024px\" \/><\/figure>\n\n\n\n<figure class=\"wp-block-image size-large\"><img loading=\"lazy\" decoding=\"async\" width=\"768\" height=\"1024\" src=\"https:\/\/2013dagyonetisimi.com\/wp-content\/uploads\/2025\/12\/PHOTO-2025-12-11-2-768x1024.jpg\" alt=\"\" class=\"wp-image-600\" srcset=\"https:\/\/2013dagyonetisimi.com\/wp-content\/uploads\/2025\/12\/PHOTO-2025-12-11-2-768x1024.jpg 768w, https:\/\/2013dagyonetisimi.com\/wp-content\/uploads\/2025\/12\/PHOTO-2025-12-11-2-225x300.jpg 225w, https:\/\/2013dagyonetisimi.com\/wp-content\/uploads\/2025\/12\/PHOTO-2025-12-11-2-1152x1536.jpg 1152w, https:\/\/2013dagyonetisimi.com\/wp-content\/uploads\/2025\/12\/PHOTO-2025-12-11-2.jpg 1200w\" sizes=\"auto, (max-width: 768px) 100vw, 768px\" \/><\/figure>\n\n\n\n<figure class=\"wp-block-image size-large\"><img loading=\"lazy\" decoding=\"async\" width=\"1024\" height=\"768\" src=\"https:\/\/2013dagyonetisimi.com\/wp-content\/uploads\/2025\/12\/PHOTO-2025-12-11-3-1024x768.jpg\" alt=\"\" class=\"wp-image-601\" srcset=\"https:\/\/2013dagyonetisimi.com\/wp-content\/uploads\/2025\/12\/PHOTO-2025-12-11-3-1024x768.jpg 1024w, https:\/\/2013dagyonetisimi.com\/wp-content\/uploads\/2025\/12\/PHOTO-2025-12-11-3-300x225.jpg 300w, https:\/\/2013dagyonetisimi.com\/wp-content\/uploads\/2025\/12\/PHOTO-2025-12-11-3-768x576.jpg 768w, https:\/\/2013dagyonetisimi.com\/wp-content\/uploads\/2025\/12\/PHOTO-2025-12-11-3-1536x1152.jpg 1536w, https:\/\/2013dagyonetisimi.com\/wp-content\/uploads\/2025\/12\/PHOTO-2025-12-11-3.jpg 1600w\" sizes=\"auto, (max-width: 1024px) 100vw, 1024px\" \/><\/figure>\n\n\n\n<figure class=\"wp-block-image size-large\"><img loading=\"lazy\" decoding=\"async\" width=\"1024\" height=\"768\" src=\"https:\/\/2013dagyonetisimi.com\/wp-content\/uploads\/2025\/12\/PHOTO-2025-12-11-4-1024x768.jpg\" alt=\"\" class=\"wp-image-603\" srcset=\"https:\/\/2013dagyonetisimi.com\/wp-content\/uploads\/2025\/12\/PHOTO-2025-12-11-4-1024x768.jpg 1024w, https:\/\/2013dagyonetisimi.com\/wp-content\/uploads\/2025\/12\/PHOTO-2025-12-11-4-300x225.jpg 300w, https:\/\/2013dagyonetisimi.com\/wp-content\/uploads\/2025\/12\/PHOTO-2025-12-11-4-768x576.jpg 768w, https:\/\/2013dagyonetisimi.com\/wp-content\/uploads\/2025\/12\/PHOTO-2025-12-11-4-1536x1152.jpg 1536w, https:\/\/2013dagyonetisimi.com\/wp-content\/uploads\/2025\/12\/PHOTO-2025-12-11-4.jpg 1600w\" sizes=\"auto, (max-width: 1024px) 100vw, 1024px\" \/><\/figure>\n\n\n\n<figure class=\"wp-block-image size-large\"><img loading=\"lazy\" decoding=\"async\" width=\"576\" height=\"1024\" src=\"https:\/\/2013dagyonetisimi.com\/wp-content\/uploads\/2025\/12\/PHOTO-2025-12-11-5-576x1024.jpg\" alt=\"\" class=\"wp-image-606\" srcset=\"https:\/\/2013dagyonetisimi.com\/wp-content\/uploads\/2025\/12\/PHOTO-2025-12-11-5-576x1024.jpg 576w, https:\/\/2013dagyonetisimi.com\/wp-content\/uploads\/2025\/12\/PHOTO-2025-12-11-5-169x300.jpg 169w, https:\/\/2013dagyonetisimi.com\/wp-content\/uploads\/2025\/12\/PHOTO-2025-12-11-5-768x1365.jpg 768w, https:\/\/2013dagyonetisimi.com\/wp-content\/uploads\/2025\/12\/PHOTO-2025-12-11-5-864x1536.jpg 864w, https:\/\/2013dagyonetisimi.com\/wp-content\/uploads\/2025\/12\/PHOTO-2025-12-11-5.jpg 1152w\" sizes=\"auto, (max-width: 576px) 100vw, 576px\" \/><\/figure>\n\n\n\n<figure class=\"wp-block-image size-large\"><img loading=\"lazy\" decoding=\"async\" width=\"1024\" height=\"768\" src=\"https:\/\/2013dagyonetisimi.com\/wp-content\/uploads\/2025\/12\/PHOTO-2025-12-11-6-1024x768.jpg\" alt=\"\" class=\"wp-image-602\" srcset=\"https:\/\/2013dagyonetisimi.com\/wp-content\/uploads\/2025\/12\/PHOTO-2025-12-11-6-1024x768.jpg 1024w, https:\/\/2013dagyonetisimi.com\/wp-content\/uploads\/2025\/12\/PHOTO-2025-12-11-6-300x225.jpg 300w, https:\/\/2013dagyonetisimi.com\/wp-content\/uploads\/2025\/12\/PHOTO-2025-12-11-6-768x576.jpg 768w, https:\/\/2013dagyonetisimi.com\/wp-content\/uploads\/2025\/12\/PHOTO-2025-12-11-6-1536x1152.jpg 1536w, https:\/\/2013dagyonetisimi.com\/wp-content\/uploads\/2025\/12\/PHOTO-2025-12-11-6.jpg 1600w\" sizes=\"auto, (max-width: 1024px) 100vw, 1024px\" \/><\/figure>\n\n\n\n<figure class=\"wp-block-image size-large\"><img loading=\"lazy\" decoding=\"async\" width=\"768\" height=\"1024\" src=\"https:\/\/2013dagyonetisimi.com\/wp-content\/uploads\/2025\/12\/PHOTO-2025-12-11-7-768x1024.jpg\" alt=\"\" class=\"wp-image-604\" srcset=\"https:\/\/2013dagyonetisimi.com\/wp-content\/uploads\/2025\/12\/PHOTO-2025-12-11-7-768x1024.jpg 768w, https:\/\/2013dagyonetisimi.com\/wp-content\/uploads\/2025\/12\/PHOTO-2025-12-11-7-225x300.jpg 225w, https:\/\/2013dagyonetisimi.com\/wp-content\/uploads\/2025\/12\/PHOTO-2025-12-11-7-1152x1536.jpg 1152w, https:\/\/2013dagyonetisimi.com\/wp-content\/uploads\/2025\/12\/PHOTO-2025-12-11-7.jpg 1200w\" sizes=\"auto, (max-width: 768px) 100vw, 768px\" \/><\/figure>\n\n\n\n<figure class=\"wp-block-image size-large\"><img loading=\"lazy\" decoding=\"async\" width=\"1024\" height=\"768\" src=\"https:\/\/2013dagyonetisimi.com\/wp-content\/uploads\/2025\/12\/PHOTO-2025-12-11-8-1024x768.jpg\" alt=\"\" class=\"wp-image-605\" srcset=\"https:\/\/2013dagyonetisimi.com\/wp-content\/uploads\/2025\/12\/PHOTO-2025-12-11-8-1024x768.jpg 1024w, https:\/\/2013dagyonetisimi.com\/wp-content\/uploads\/2025\/12\/PHOTO-2025-12-11-8-300x225.jpg 300w, https:\/\/2013dagyonetisimi.com\/wp-content\/uploads\/2025\/12\/PHOTO-2025-12-11-8-768x576.jpg 768w, https:\/\/2013dagyonetisimi.com\/wp-content\/uploads\/2025\/12\/PHOTO-2025-12-11-8-1536x1152.jpg 1536w, https:\/\/2013dagyonetisimi.com\/wp-content\/uploads\/2025\/12\/PHOTO-2025-12-11-8.jpg 1600w\" sizes=\"auto, (max-width: 1024px) 100vw, 1024px\" \/><\/figure>\n","protected":false},"excerpt":{"rendered":"<p>KONU\u015eMALARIN \u00d6ZET B\u0130LG\u0130LER\u0130NE, BASIN \u00d6ZET\u0130 2025 &#8216;DEN ER\u0130\u015eEB\u0130L\u0130RS\u0130N\u0130Z. KONUNUN \u00d6Z\u00dc: DA\u011eLARA H\u00dcKMETMEK DE\u011e\u0130L ANLAMAK LAZIM, &#8220;AC\u0130LEN B\u0130R DA\u011eLIK ALANLAR \u00c7OK Y\u00d6NL\u00dc DE\u011eERLEND\u0130RME VE Y\u00d6NET\u0130\u015e\u0130M\u0130 \u015eURASI YAPMAK&#8221; GEREKMEKTED\u0130R.<\/p>\n","protected":false},"author":2,"featured_media":0,"parent":0,"menu_order":0,"comment_status":"closed","ping_status":"closed","template":"","meta":{"footnotes":""},"class_list":["post-598","page","type-page","status-publish","hentry"],"_links":{"self":[{"href":"https:\/\/2013dagyonetisimi.com\/index.php\/wp-json\/wp\/v2\/pages\/598","targetHints":{"allow":["GET"]}}],"collection":[{"href":"https:\/\/2013dagyonetisimi.com\/index.php\/wp-json\/wp\/v2\/pages"}],"about":[{"href":"https:\/\/2013dagyonetisimi.com\/index.php\/wp-json\/wp\/v2\/types\/page"}],"author":[{"embeddable":true,"href":"https:\/\/2013dagyonetisimi.com\/index.php\/wp-json\/wp\/v2\/users\/2"}],"replies":[{"embeddable":true,"href":"https:\/\/2013dagyonetisimi.com\/index.php\/wp-json\/wp\/v2\/comments?post=598"}],"version-history":[{"count":1,"href":"https:\/\/2013dagyonetisimi.com\/index.php\/wp-json\/wp\/v2\/pages\/598\/revisions"}],"predecessor-version":[{"id":607,"href":"https:\/\/2013dagyonetisimi.com\/index.php\/wp-json\/wp\/v2\/pages\/598\/revisions\/607"}],"wp:attachment":[{"href":"https:\/\/2013dagyonetisimi.com\/index.php\/wp-json\/wp\/v2\/media?parent=598"}],"curies":[{"name":"wp","href":"https:\/\/api.w.org\/{rel}","templated":true}]}}