{"id":615,"date":"2026-01-18T07:52:12","date_gmt":"2026-01-18T07:52:12","guid":{"rendered":"https:\/\/2013dagyonetisimi.com\/?page_id=615"},"modified":"2026-01-18T07:58:46","modified_gmt":"2026-01-18T07:58:46","slug":"2025-gule-gule-2026-hos-geldin","status":"publish","type":"page","link":"https:\/\/2013dagyonetisimi.com\/index.php\/2025-gule-gule-2026-hos-geldin\/","title":{"rendered":"2025 g\u00fcle g\u00fcle, 2026 y\u0131l\u0131 ho\u015f geldin."},"content":{"rendered":"\n<p>2026 y\u0131l\u0131 etkinliklerimizi planl\u0131yoruz. De\u011ferli dostlar, sizleri de toplant\u0131lar\u0131m\u0131za bekleriz.<\/p>\n\n\n\n<figure class=\"wp-block-image size-large\"><img loading=\"lazy\" decoding=\"async\" width=\"1024\" height=\"768\" src=\"https:\/\/2013dagyonetisimi.com\/wp-content\/uploads\/2026\/01\/17-Ocak-2026-Dernek-Toplantisi-1024x768.jpg\" alt=\"\" class=\"wp-image-616\" srcset=\"https:\/\/2013dagyonetisimi.com\/wp-content\/uploads\/2026\/01\/17-Ocak-2026-Dernek-Toplantisi-1024x768.jpg 1024w, https:\/\/2013dagyonetisimi.com\/wp-content\/uploads\/2026\/01\/17-Ocak-2026-Dernek-Toplantisi-300x225.jpg 300w, https:\/\/2013dagyonetisimi.com\/wp-content\/uploads\/2026\/01\/17-Ocak-2026-Dernek-Toplantisi-768x576.jpg 768w, https:\/\/2013dagyonetisimi.com\/wp-content\/uploads\/2026\/01\/17-Ocak-2026-Dernek-Toplantisi-1536x1152.jpg 1536w, https:\/\/2013dagyonetisimi.com\/wp-content\/uploads\/2026\/01\/17-Ocak-2026-Dernek-Toplantisi.jpg 1600w\" sizes=\"auto, (max-width: 1024px) 100vw, 1024px\" \/><\/figure>\n","protected":false},"excerpt":{"rendered":"<p>2026 y\u0131l\u0131 etkinliklerimizi planl\u0131yoruz. De\u011ferli dostlar, sizleri de toplant\u0131lar\u0131m\u0131za bekleriz.<\/p>\n","protected":false},"author":2,"featured_media":0,"parent":0,"menu_order":0,"comment_status":"closed","ping_status":"closed","template":"","meta":{"footnotes":""},"class_list":["post-615","page","type-page","status-publish","hentry"],"_links":{"self":[{"href":"https:\/\/2013dagyonetisimi.com\/index.php\/wp-json\/wp\/v2\/pages\/615","targetHints":{"allow":["GET"]}}],"collection":[{"href":"https:\/\/2013dagyonetisimi.com\/index.php\/wp-json\/wp\/v2\/pages"}],"about":[{"href":"https:\/\/2013dagyonetisimi.com\/index.php\/wp-json\/wp\/v2\/types\/page"}],"author":[{"embeddable":true,"href":"https:\/\/2013dagyonetisimi.com\/index.php\/wp-json\/wp\/v2\/users\/2"}],"replies":[{"embeddable":true,"href":"https:\/\/2013dagyonetisimi.com\/index.php\/wp-json\/wp\/v2\/comments?post=615"}],"version-history":[{"count":2,"href":"https:\/\/2013dagyonetisimi.com\/index.php\/wp-json\/wp\/v2\/pages\/615\/revisions"}],"predecessor-version":[{"id":620,"href":"https:\/\/2013dagyonetisimi.com\/index.php\/wp-json\/wp\/v2\/pages\/615\/revisions\/620"}],"wp:attachment":[{"href":"https:\/\/2013dagyonetisimi.com\/index.php\/wp-json\/wp\/v2\/media?parent=615"}],"curies":[{"name":"wp","href":"https:\/\/api.w.org\/{rel}","templated":true}]}}