{"id":635,"date":"2026-02-11T09:40:06","date_gmt":"2026-02-11T09:40:06","guid":{"rendered":"https:\/\/2013dagyonetisimi.com\/?page_id=635"},"modified":"2026-02-11T09:40:07","modified_gmt":"2026-02-11T09:40:07","slug":"akran-zorbaligi_empati-dersleri-2026","status":"publish","type":"page","link":"https:\/\/2013dagyonetisimi.com\/index.php\/akran-zorbaligi_empati-dersleri-2026\/","title":{"rendered":"AKRAN ZORBALI\u011eI_EMPAT\u0130 DERSLER\u0130 2026"},"content":{"rendered":"\n<figure class=\"wp-block-image size-large\"><img loading=\"lazy\" decoding=\"async\" width=\"576\" height=\"1024\" src=\"https:\/\/2013dagyonetisimi.com\/wp-content\/uploads\/2026\/02\/akran-_zorbaligi-576x1024.jpg\" alt=\"\" class=\"wp-image-632\" srcset=\"https:\/\/2013dagyonetisimi.com\/wp-content\/uploads\/2026\/02\/akran-_zorbaligi-576x1024.jpg 576w, https:\/\/2013dagyonetisimi.com\/wp-content\/uploads\/2026\/02\/akran-_zorbaligi-169x300.jpg 169w, https:\/\/2013dagyonetisimi.com\/wp-content\/uploads\/2026\/02\/akran-_zorbaligi-768x1365.jpg 768w, https:\/\/2013dagyonetisimi.com\/wp-content\/uploads\/2026\/02\/akran-_zorbaligi-864x1536.jpg 864w, https:\/\/2013dagyonetisimi.com\/wp-content\/uploads\/2026\/02\/akran-_zorbaligi.jpg 900w\" sizes=\"auto, (max-width: 576px) 100vw, 576px\" \/><\/figure>\n","protected":false},"excerpt":{"rendered":"","protected":false},"author":2,"featured_media":0,"parent":0,"menu_order":0,"comment_status":"closed","ping_status":"closed","template":"","meta":{"footnotes":""},"class_list":["post-635","page","type-page","status-publish","hentry"],"_links":{"self":[{"href":"https:\/\/2013dagyonetisimi.com\/index.php\/wp-json\/wp\/v2\/pages\/635","targetHints":{"allow":["GET"]}}],"collection":[{"href":"https:\/\/2013dagyonetisimi.com\/index.php\/wp-json\/wp\/v2\/pages"}],"about":[{"href":"https:\/\/2013dagyonetisimi.com\/index.php\/wp-json\/wp\/v2\/types\/page"}],"author":[{"embeddable":true,"href":"https:\/\/2013dagyonetisimi.com\/index.php\/wp-json\/wp\/v2\/users\/2"}],"replies":[{"embeddable":true,"href":"https:\/\/2013dagyonetisimi.com\/index.php\/wp-json\/wp\/v2\/comments?post=635"}],"version-history":[{"count":1,"href":"https:\/\/2013dagyonetisimi.com\/index.php\/wp-json\/wp\/v2\/pages\/635\/revisions"}],"predecessor-version":[{"id":636,"href":"https:\/\/2013dagyonetisimi.com\/index.php\/wp-json\/wp\/v2\/pages\/635\/revisions\/636"}],"wp:attachment":[{"href":"https:\/\/2013dagyonetisimi.com\/index.php\/wp-json\/wp\/v2\/media?parent=635"}],"curies":[{"name":"wp","href":"https:\/\/api.w.org\/{rel}","templated":true}]}}