{"id":707,"date":"2026-03-21T15:35:16","date_gmt":"2026-03-21T15:35:16","guid":{"rendered":"https:\/\/2013dagyonetisimi.com\/index.php\/mart-etkinlikleri\/"},"modified":"2026-04-08T06:44:03","modified_gmt":"2026-04-08T06:44:03","slug":"mart-etkinlikleri","status":"publish","type":"page","link":"https:\/\/2013dagyonetisimi.com\/index.php\/mart-etkinlikleri\/","title":{"rendered":"MART ETK\u0130NL\u0130KLER\u0130-N\u0130SAN  ETK\u0130NL\u0130KLER\u0130"},"content":{"rendered":"\n<figure class=\"wp-block-image size-large\"><img loading=\"lazy\" decoding=\"async\" width=\"1024\" height=\"577\" src=\"https:\/\/2013dagyonetisimi.com\/wp-content\/uploads\/2026\/03\/Screenshot-2026-03-19-215238-1024x577.png\" alt=\"\" class=\"wp-image-705\" srcset=\"https:\/\/2013dagyonetisimi.com\/wp-content\/uploads\/2026\/03\/Screenshot-2026-03-19-215238-1024x577.png 1024w, https:\/\/2013dagyonetisimi.com\/wp-content\/uploads\/2026\/03\/Screenshot-2026-03-19-215238-300x169.png 300w, https:\/\/2013dagyonetisimi.com\/wp-content\/uploads\/2026\/03\/Screenshot-2026-03-19-215238-768x433.png 768w, https:\/\/2013dagyonetisimi.com\/wp-content\/uploads\/2026\/03\/Screenshot-2026-03-19-215238.png 1438w\" sizes=\"auto, (max-width: 1024px) 100vw, 1024px\" \/><\/figure>\n\n\n\n<figure class=\"wp-block-image size-large\"><img loading=\"lazy\" decoding=\"async\" width=\"1024\" height=\"576\" src=\"https:\/\/2013dagyonetisimi.com\/wp-content\/uploads\/2026\/03\/hayvan-haklari_hayvan-zorbaligi_etik-25-mart-2026-pdf-1024x576.jpg\" alt=\"\" class=\"wp-image-715\"\/><\/figure>\n\n\n\n\n\n<p><\/p>\n","protected":false},"excerpt":{"rendered":"","protected":false},"author":2,"featured_media":0,"parent":0,"menu_order":0,"comment_status":"closed","ping_status":"closed","template":"","meta":{"footnotes":""},"class_list":["post-707","page","type-page","status-publish","hentry"],"_links":{"self":[{"href":"https:\/\/2013dagyonetisimi.com\/index.php\/wp-json\/wp\/v2\/pages\/707","targetHints":{"allow":["GET"]}}],"collection":[{"href":"https:\/\/2013dagyonetisimi.com\/index.php\/wp-json\/wp\/v2\/pages"}],"about":[{"href":"https:\/\/2013dagyonetisimi.com\/index.php\/wp-json\/wp\/v2\/types\/page"}],"author":[{"embeddable":true,"href":"https:\/\/2013dagyonetisimi.com\/index.php\/wp-json\/wp\/v2\/users\/2"}],"replies":[{"embeddable":true,"href":"https:\/\/2013dagyonetisimi.com\/index.php\/wp-json\/wp\/v2\/comments?post=707"}],"version-history":[{"count":4,"href":"https:\/\/2013dagyonetisimi.com\/index.php\/wp-json\/wp\/v2\/pages\/707\/revisions"}],"predecessor-version":[{"id":725,"href":"https:\/\/2013dagyonetisimi.com\/index.php\/wp-json\/wp\/v2\/pages\/707\/revisions\/725"}],"wp:attachment":[{"href":"https:\/\/2013dagyonetisimi.com\/index.php\/wp-json\/wp\/v2\/media?parent=707"}],"curies":[{"name":"wp","href":"https:\/\/api.w.org\/{rel}","templated":true}]}}